{"id":2471,"date":"2019-04-03T20:20:47","date_gmt":"2019-04-03T19:20:47","guid":{"rendered":"https:\/\/test.bcpijnacker.nl\/?page_id=2471"},"modified":"2019-04-23T20:15:53","modified_gmt":"2019-04-23T19:15:53","slug":"senioren","status":"publish","type":"page","link":"https:\/\/www.bcpijnacker.nl\/index.php\/senioren\/","title":{"rendered":"Senioren"},"content":{"rendered":"\n<p>De senioren van de Badminton Club Pijnacker verkeren in de gelukkige positie dat zij maar liefst drie keer in de week kunnen spelen en wel op de volgende avonden:<\/p>\n\n\n\n<p>Training senioren<\/p>\n\n\n\n<p>Maandag    20.00u \u2013 22.00u in Sporthal de Viergang. (van september 2019 tot 23.00!)<br>Woensdag    20.00u \u2013 21.30u in Sporthal Emerald.<br>Donderdag    20.30u \u2013 22.00u in Sporthal Het Baken.<\/p>\n\n\n\n<p>Op maandagen is er altijd gelegenheid om vrij te spelen van 20.00 tot 22.00. Tijdens de competitie worden ook onze thuiswedstrijden op maandagen gespeeld, waarbij de zaal tot 23:00 beschikbaar is. <br><\/p>\n\n\n\n<p>Op de woensdag is er training voor competitiespelers en recreanten (20.00 &#8211; 21.00), waarna nog tot 21:30 vrijgespeeld kan worden.<br><\/p>\n\n\n\n<p>Op donderdag wordt er getost en daarmee wordt bepaald wie met wie speelt. Gevarieerde en verrassende partijen zijn hier veelal het gevolg van. <br><\/p>\n\n\n\n<p>Gedurende het hele seizoen worden verschillende activiteiten georganiseerd en nieuwe ontplooid. Behalve de clubkampioenschappen single, dubbel en gemengd dubbel, vinden er onder andere de jaarlijks terugkerende activiteiten plaats: <\/p>\n\n\n\n<ul class=\"wp-block-list\"><li>Een Kersttoernooi waar je met iedereen tegen iedereen speelt. Dit toernooi wordt elk jaar in de week voor kerstmis gespeeld en na afloop is er de mogelijkheid om gezellig te blijven eten. Dit toernooi is toegankelijk voor (jeugd)leden, familie en vrienden. <\/li><li>Ook sluiten we elk jaar af met een gezellige barbecue!<\/li><\/ul>\n\n\n\n<p>Lijkt het je leuk om eens te proeven van de sfeer bij Badmintonclub Pijnacker en wil je de fijne kneepjes van de badmintonsport onder de knie krijgen? Stuur een e-mail naar <a href=\"mailto:info@bcpijnacker.nl\">info@bcpijnacker.nl<\/a> voor meer vrijblijvende informatie of kom dan eens langs op \u00e9\u00e9n van onze speelavonden. Je zult worden opgevangen door ofwel \u00e9\u00e9n van onze trainers, of door een aanwezig bestuurslid. Je mag 3 keer vrijblijvend komen kijken of onze club en natuurlijk de sport badminton bij je passen.\n\n<\/p>\n\n\n\n<p><\/p>\n","protected":false},"excerpt":{"rendered":"<p>De senioren van de Badminton Club Pijnacker verkeren in de gelukkige positie dat zij maar liefst drie keer in de<\/p>\n","protected":false},"author":1,"featured_media":0,"parent":0,"menu_order":0,"comment_status":"closed","ping_status":"closed","template":"","meta":{"colormag_page_container_layout":"default_layout","colormag_page_sidebar_layout":"default_layout","footnotes":""},"class_list":["post-2471","page","type-page","status-publish","hentry"],"jetpack_sharing_enabled":true,"_links":{"self":[{"href":"https:\/\/www.bcpijnacker.nl\/index.php\/wp-json\/wp\/v2\/pages\/2471","targetHints":{"allow":["GET"]}}],"collection":[{"href":"https:\/\/www.bcpijnacker.nl\/index.php\/wp-json\/wp\/v2\/pages"}],"about":[{"href":"https:\/\/www.bcpijnacker.nl\/index.php\/wp-json\/wp\/v2\/types\/page"}],"author":[{"embeddable":true,"href":"https:\/\/www.bcpijnacker.nl\/index.php\/wp-json\/wp\/v2\/users\/1"}],"replies":[{"embeddable":true,"href":"https:\/\/www.bcpijnacker.nl\/index.php\/wp-json\/wp\/v2\/comments?post=2471"}],"version-history":[{"count":2,"href":"https:\/\/www.bcpijnacker.nl\/index.php\/wp-json\/wp\/v2\/pages\/2471\/revisions"}],"predecessor-version":[{"id":2535,"href":"https:\/\/www.bcpijnacker.nl\/index.php\/wp-json\/wp\/v2\/pages\/2471\/revisions\/2535"}],"wp:attachment":[{"href":"https:\/\/www.bcpijnacker.nl\/index.php\/wp-json\/wp\/v2\/media?parent=2471"}],"curies":[{"name":"wp","href":"https:\/\/api.w.org\/{rel}","templated":true}]}}